{"id":17,"date":"2021-11-13T13:10:47","date_gmt":"2021-11-13T12:10:47","guid":{"rendered":"https:\/\/bktech.sk\/?page_id=17"},"modified":"2022-01-15T22:13:19","modified_gmt":"2022-01-15T21:13:19","slug":"o-firme","status":"publish","type":"page","link":"https:\/\/bktech.sk\/index.php\/o-firme\/","title":{"rendered":"O firme"},"content":{"rendered":"\t\t<div data-elementor-type=\"wp-page\" data-elementor-id=\"17\" class=\"elementor elementor-17\" data-elementor-post-type=\"page\">\n\t\t\t\t\t\t<section class=\"elementor-section elementor-top-section elementor-element elementor-element-1cb75fd elementor-section-height-min-height elementor-section-boxed elementor-section-height-default elementor-section-items-middle\" data-id=\"1cb75fd\" data-element_type=\"section\" data-e-type=\"section\" data-settings=\"{&quot;jet_parallax_layout_list&quot;:[{&quot;jet_parallax_layout_image&quot;:{&quot;url&quot;:&quot;&quot;,&quot;id&quot;:&quot;&quot;,&quot;size&quot;:&quot;&quot;},&quot;_id&quot;:&quot;351c452&quot;,&quot;jet_parallax_layout_image_tablet_extra&quot;:{&quot;url&quot;:&quot;&quot;,&quot;id&quot;:&quot;&quot;,&quot;size&quot;:&quot;&quot;},&quot;jet_parallax_layout_image_tablet&quot;:{&quot;url&quot;:&quot;&quot;,&quot;id&quot;:&quot;&quot;,&quot;size&quot;:&quot;&quot;},&quot;jet_parallax_layout_image_mobile_extra&quot;:{&quot;url&quot;:&quot;&quot;,&quot;id&quot;:&quot;&quot;,&quot;size&quot;:&quot;&quot;},&quot;jet_parallax_layout_image_mobile&quot;:{&quot;url&quot;:&quot;&quot;,&quot;id&quot;:&quot;&quot;,&quot;size&quot;:&quot;&quot;},&quot;jet_parallax_layout_speed&quot;:{&quot;unit&quot;:&quot;%&quot;,&quot;size&quot;:50,&quot;sizes&quot;:[]},&quot;jet_parallax_layout_type&quot;:&quot;scroll&quot;,&quot;jet_parallax_layout_direction&quot;:&quot;1&quot;,&quot;jet_parallax_layout_fx_direction&quot;:null,&quot;jet_parallax_layout_z_index&quot;:&quot;&quot;,&quot;jet_parallax_layout_bg_x&quot;:50,&quot;jet_parallax_layout_bg_x_tablet_extra&quot;:&quot;&quot;,&quot;jet_parallax_layout_bg_x_tablet&quot;:&quot;&quot;,&quot;jet_parallax_layout_bg_x_mobile_extra&quot;:&quot;&quot;,&quot;jet_parallax_layout_bg_x_mobile&quot;:&quot;&quot;,&quot;jet_parallax_layout_bg_y&quot;:50,&quot;jet_parallax_layout_bg_y_tablet_extra&quot;:&quot;&quot;,&quot;jet_parallax_layout_bg_y_tablet&quot;:&quot;&quot;,&quot;jet_parallax_layout_bg_y_mobile_extra&quot;:&quot;&quot;,&quot;jet_parallax_layout_bg_y_mobile&quot;:&quot;&quot;,&quot;jet_parallax_layout_bg_size&quot;:&quot;auto&quot;,&quot;jet_parallax_layout_bg_size_tablet_extra&quot;:&quot;&quot;,&quot;jet_parallax_layout_bg_size_tablet&quot;:&quot;&quot;,&quot;jet_parallax_layout_bg_size_mobile_extra&quot;:&quot;&quot;,&quot;jet_parallax_layout_bg_size_mobile&quot;:&quot;&quot;,&quot;jet_parallax_layout_animation_prop&quot;:&quot;transform&quot;,&quot;jet_parallax_layout_on&quot;:[&quot;desktop&quot;,&quot;tablet&quot;]}],&quot;background_background&quot;:&quot;classic&quot;,&quot;shape_divider_bottom&quot;:&quot;tilt&quot;}\">\n\t\t\t\t\t\t\t<div class=\"elementor-background-overlay\"><\/div>\n\t\t\t\t\t\t<div class=\"elementor-shape elementor-shape-bottom\" aria-hidden=\"true\" data-negative=\"false\">\n\t\t\t<svg xmlns=\"http:\/\/www.w3.org\/2000\/svg\" viewBox=\"0 0 1000 100\" preserveAspectRatio=\"none\">\n\t<path class=\"elementor-shape-fill\" d=\"M0,6V0h1000v100L0,6z\"\/>\n<\/svg>\t\t<\/div>\n\t\t\t\t\t<div class=\"elementor-container elementor-column-gap-default\">\n\t\t\t\t\t<div class=\"elementor-column elementor-col-100 elementor-top-column elementor-element elementor-element-04e9e10\" data-id=\"04e9e10\" data-element_type=\"column\" data-e-type=\"column\">\n\t\t\t<div class=\"elementor-widget-wrap elementor-element-populated\">\n\t\t\t\t\t\t<div class=\"elementor-element elementor-element-8c0fccc elementor-widget elementor-widget-heading\" data-id=\"8c0fccc\" data-element_type=\"widget\" data-e-type=\"widget\" data-widget_type=\"heading.default\">\n\t\t\t\t<div class=\"elementor-widget-container\">\n\t\t\t\t\t<h1 class=\"elementor-heading-title elementor-size-default\">BK Tech spol. s r.o.<\/h1>\t\t\t\t<\/div>\n\t\t\t\t<\/div>\n\t\t\t\t<div class=\"elementor-element elementor-element-06bf74b elementor-widget-divider--view-line elementor-widget elementor-widget-divider\" data-id=\"06bf74b\" data-element_type=\"widget\" data-e-type=\"widget\" data-widget_type=\"divider.default\">\n\t\t\t\t<div class=\"elementor-widget-container\">\n\t\t\t\t\t\t\t<div class=\"elementor-divider\">\n\t\t\t<span class=\"elementor-divider-separator\">\n\t\t\t\t\t\t<\/span>\n\t\t<\/div>\n\t\t\t\t\t\t<\/div>\n\t\t\t\t<\/div>\n\t\t\t\t\t<\/div>\n\t\t<\/div>\n\t\t\t\t\t<\/div>\n\t\t<\/section>\n\t\t\t\t<section class=\"elementor-section elementor-top-section elementor-element elementor-element-46ae96a elementor-section-boxed elementor-section-height-default elementor-section-height-default\" data-id=\"46ae96a\" data-element_type=\"section\" data-e-type=\"section\" data-settings=\"{&quot;jet_parallax_layout_list&quot;:[{&quot;jet_parallax_layout_image&quot;:{&quot;url&quot;:&quot;&quot;,&quot;id&quot;:&quot;&quot;,&quot;size&quot;:&quot;&quot;},&quot;_id&quot;:&quot;c94da48&quot;,&quot;jet_parallax_layout_image_tablet_extra&quot;:{&quot;url&quot;:&quot;&quot;,&quot;id&quot;:&quot;&quot;,&quot;size&quot;:&quot;&quot;},&quot;jet_parallax_layout_image_tablet&quot;:{&quot;url&quot;:&quot;&quot;,&quot;id&quot;:&quot;&quot;,&quot;size&quot;:&quot;&quot;},&quot;jet_parallax_layout_image_mobile_extra&quot;:{&quot;url&quot;:&quot;&quot;,&quot;id&quot;:&quot;&quot;,&quot;size&quot;:&quot;&quot;},&quot;jet_parallax_layout_image_mobile&quot;:{&quot;url&quot;:&quot;&quot;,&quot;id&quot;:&quot;&quot;,&quot;size&quot;:&quot;&quot;},&quot;jet_parallax_layout_speed&quot;:{&quot;unit&quot;:&quot;%&quot;,&quot;size&quot;:50,&quot;sizes&quot;:[]},&quot;jet_parallax_layout_type&quot;:&quot;scroll&quot;,&quot;jet_parallax_layout_direction&quot;:&quot;1&quot;,&quot;jet_parallax_layout_fx_direction&quot;:null,&quot;jet_parallax_layout_z_index&quot;:&quot;&quot;,&quot;jet_parallax_layout_bg_x&quot;:50,&quot;jet_parallax_layout_bg_x_tablet_extra&quot;:&quot;&quot;,&quot;jet_parallax_layout_bg_x_tablet&quot;:&quot;&quot;,&quot;jet_parallax_layout_bg_x_mobile_extra&quot;:&quot;&quot;,&quot;jet_parallax_layout_bg_x_mobile&quot;:&quot;&quot;,&quot;jet_parallax_layout_bg_y&quot;:50,&quot;jet_parallax_layout_bg_y_tablet_extra&quot;:&quot;&quot;,&quot;jet_parallax_layout_bg_y_tablet&quot;:&quot;&quot;,&quot;jet_parallax_layout_bg_y_mobile_extra&quot;:&quot;&quot;,&quot;jet_parallax_layout_bg_y_mobile&quot;:&quot;&quot;,&quot;jet_parallax_layout_bg_size&quot;:&quot;auto&quot;,&quot;jet_parallax_layout_bg_size_tablet_extra&quot;:&quot;&quot;,&quot;jet_parallax_layout_bg_size_tablet&quot;:&quot;&quot;,&quot;jet_parallax_layout_bg_size_mobile_extra&quot;:&quot;&quot;,&quot;jet_parallax_layout_bg_size_mobile&quot;:&quot;&quot;,&quot;jet_parallax_layout_animation_prop&quot;:&quot;transform&quot;,&quot;jet_parallax_layout_on&quot;:[&quot;desktop&quot;,&quot;tablet&quot;]}]}\">\n\t\t\t\t\t\t<div class=\"elementor-container elementor-column-gap-default\">\n\t\t\t\t\t<div class=\"elementor-column elementor-col-100 elementor-top-column elementor-element elementor-element-20f2c2e\" data-id=\"20f2c2e\" data-element_type=\"column\" data-e-type=\"column\">\n\t\t\t<div class=\"elementor-widget-wrap elementor-element-populated\">\n\t\t\t\t\t\t<div class=\"elementor-element elementor-element-13be2c9 elementor-widget elementor-widget-text-editor\" data-id=\"13be2c9\" data-element_type=\"widget\" data-e-type=\"widget\" data-widget_type=\"text-editor.default\">\n\t\t\t\t<div class=\"elementor-widget-container\">\n\t\t\t\t\t\t\t\t\t<div class=\"elementor-image-box-content\"><h3 class=\"elementor-image-box-title\">Zalo\u017eenie spolo\u010dnosti<\/h3><p class=\"elementor-image-box-description\">Firma vznikla v roku 1996 ako mont\u00e1\u017ena spolo\u010dnos\u0165 p\u00f4sobiaca v oblasti mont\u00e1\u017ee vzduchotechniky, klimatiz\u00e1cie a elektromont\u00e1\u017ee, ktor\u00e1 sa postupne roz\u0161\u00edrila na mont\u00e1\u017e chladenia a kon\u0161trukciu dod\u00e1vok chladiacich a mraziacich boxov. Dnes zabezpe\u010duje okrem u\u017e spom\u00ednan\u00fdch \u010dast\u00ed kompletnos\u0165 v oblasti energetiky, k\u00farenia, tepeln\u00fdch \u010derpadiel a sanity.<\/p><\/div>\t\t\t\t\t\t\t\t<\/div>\n\t\t\t\t<\/div>\n\t\t\t\t<div class=\"elementor-element elementor-element-12b1d6b elementor-widget elementor-widget-text-editor\" data-id=\"12b1d6b\" data-element_type=\"widget\" data-e-type=\"widget\" data-widget_type=\"text-editor.default\">\n\t\t\t\t<div class=\"elementor-widget-container\">\n\t\t\t\t\t\t\t\t\t<div class=\"elementor-image-box-content\"><h3 class=\"elementor-image-box-title\">\u010cinnos\u0165 firmy<\/h3><p class=\"elementor-image-box-description\">\u010cinnos\u0165 je zameran\u00e1 na poradenstvo, vlastn\u00fa projekciu a projekciu v spojen\u00ed s projektantmi s vysoko \u0161peci\u00e1lnym zameran\u00edm a to v oblasti person\u00e1lnej, technologickej a \u0161peci\u00e1lnej vr\u00e1tane \u010dist\u00fdch priestorov a kompletn\u00e9ho technick\u00e9ho zabezpe\u010denia budov. Firma si kladie za obzvl\u00e1\u0161\u0165 d\u00f4le\u017eit\u00fa \u00falohu zaradi\u0165 sa k popredn\u00fdm dod\u00e1vate\u013eom v oblasti n\u00edzkoenergetick\u00fdch zdrojov tepla a cel\u00e9ho s\u00faboru na \u0148u nav\u00e4zuj\u00faceho merania a regul\u00e1cie.<\/p><\/div>\t\t\t\t\t\t\t\t<\/div>\n\t\t\t\t<\/div>\n\t\t\t\t<div class=\"elementor-element elementor-element-ee2226f elementor-widget elementor-widget-text-editor\" data-id=\"ee2226f\" data-element_type=\"widget\" data-e-type=\"widget\" data-widget_type=\"text-editor.default\">\n\t\t\t\t<div class=\"elementor-widget-container\">\n\t\t\t\t\t\t\t\t\t<div class=\"elementor-image-box-content\"><div class=\"elementor-image-box-content\"><h3 class=\"elementor-image-box-title\">Zna\u010dka kvality<\/h3><p class=\"elementor-image-box-description\">V dobe \u0161irok\u00e9ho sortimentu tuzemsk\u00fdch a zahrani\u010dn\u00fdch dod\u00e1vate\u013eov zdrojov a komponentov v pon\u00fakan\u00fdch oblastiach nepova\u017eujeme za \u00fa\u010deln\u00e9 zn\u00e1sobova\u0165 po\u010det v\u00fdrobcov, ale vytv\u00e1ra\u0165 z pon\u00fakan\u00e9ho sortimentu to najkvalitnej\u0161ie \u010d\u00edm m\u00f4\u017eeme z\u00e1kazn\u00edka uspokoji\u0165 kvalitn\u00fdm v\u00fdberom, ale tie\u017e kvalitou dobre prevedenej mont\u00e1\u017ee. Vo vz\u0165ahu vo\u010di na\u0161im z\u00e1kazn\u00edkom a obchodn\u00fdm partnerom chceme, aby o n\u00e1s vedeli viac. Aby t\u00ed, ktor\u00ed s\u00fa pre n\u00e1s k\u013e\u00fa\u010dovou hodnotou vedeli, \u010do je u n\u00e1s nov\u00e9, ak\u00e9 m\u00e1me pl\u00e1ny a \u010d\u00edm dok\u00e1\u017eeme prispie\u0165 k rozvoju ich podnikania. N\u00e1\u0161 trhov\u00fd priestor, ktor\u00fd pokr\u00fdva cel\u00e9 Slovensko sa n\u00e1m dar\u00ed roz\u0161irova\u0165 i mimo Slovenska a to v Rusku, na Ukrajine, Ma\u010farsku, \u010cesku a Rak\u00fasku.<\/p><\/div><\/div>\t\t\t\t\t\t\t\t<\/div>\n\t\t\t\t<\/div>\n\t\t\t\t\t<\/div>\n\t\t<\/div>\n\t\t\t\t\t<\/div>\n\t\t<\/section>\n\t\t\t\t<\/div>\n\t\t","protected":false},"excerpt":{"rendered":"<p>BK Tech spol. s r.o. Zalo\u017eenie spolo\u010dnosti Firma vznikla v roku 1996 ako mont\u00e1\u017ena spolo\u010dnos\u0165 p\u00f4sobiaca v oblasti mont\u00e1\u017ee vzduchotechniky, klimatiz\u00e1cie a elektromont\u00e1\u017ee, ktor\u00e1 sa postupne roz\u0161\u00edrila na mont\u00e1\u017e chladenia a kon\u0161trukciu dod\u00e1vok chladiacich a mraziacich boxov. Dnes zabezpe\u010duje okrem u\u017e spom\u00ednan\u00fdch \u010dast\u00ed kompletnos\u0165 v oblasti energetiky, k\u00farenia, tepeln\u00fdch \u010derpadiel a sanity. \u010cinnos\u0165 firmy \u010cinnos\u0165 [&hellip;]<\/p>\n","protected":false},"author":1,"featured_media":0,"parent":0,"menu_order":0,"comment_status":"closed","ping_status":"closed","template":"elementor_header_footer","meta":{"footnotes":""},"class_list":["post-17","page","type-page","status-publish","hentry"],"_links":{"self":[{"href":"https:\/\/bktech.sk\/index.php\/wp-json\/wp\/v2\/pages\/17","targetHints":{"allow":["GET"]}}],"collection":[{"href":"https:\/\/bktech.sk\/index.php\/wp-json\/wp\/v2\/pages"}],"about":[{"href":"https:\/\/bktech.sk\/index.php\/wp-json\/wp\/v2\/types\/page"}],"author":[{"embeddable":true,"href":"https:\/\/bktech.sk\/index.php\/wp-json\/wp\/v2\/users\/1"}],"replies":[{"embeddable":true,"href":"https:\/\/bktech.sk\/index.php\/wp-json\/wp\/v2\/comments?post=17"}],"version-history":[{"count":5,"href":"https:\/\/bktech.sk\/index.php\/wp-json\/wp\/v2\/pages\/17\/revisions"}],"predecessor-version":[{"id":447,"href":"https:\/\/bktech.sk\/index.php\/wp-json\/wp\/v2\/pages\/17\/revisions\/447"}],"wp:attachment":[{"href":"https:\/\/bktech.sk\/index.php\/wp-json\/wp\/v2\/media?parent=17"}],"curies":[{"name":"wp","href":"https:\/\/api.w.org\/{rel}","templated":true}]}}